{"id":1238,"date":"2018-05-15T10:12:59","date_gmt":"2018-05-15T08:12:59","guid":{"rendered":"https:\/\/ittceramic.com\/informacion-basica-y-detallada-en-proteccion-de-datos\/"},"modified":"2019-11-13T08:56:42","modified_gmt":"2019-11-13T07:56:42","slug":"basic-and-detailed-information-on-data-protection","status":"publish","type":"page","link":"https:\/\/ittceramic.com\/en\/basic-and-detailed-information-on-data-protection\/","title":{"rendered":"Basic and detailed information on data protection"},"content":{"rendered":"<h1 class=\"title\">Informaci\u00f3n b\u00e1sica y detallada en protecci\u00f3n de datos<\/h1>\n<table id=\"informacion-basica-y-detallada-en-proteccion-de-datos-table\">\n<tbody>\n<tr>\n<td width=\"177\"><strong> <\/strong><\/p>\n<p>&nbsp;<\/td>\n<td width=\"189\"><strong>Informaci\u00f3n B\u00e1sica<\/strong><\/td>\n<td width=\"362\"><strong>Informaci\u00f3n Adicional<\/strong><\/td>\n<\/tr>\n<tr>\n<td width=\"177\"><strong>Responsable del Tratamiento<\/strong><\/td>\n<td width=\"189\">SANICERAMIC IMPORT AND EXPORT, S.L.<\/td>\n<td width=\"362\">SANICERAMIC IMPORT AND EXPORT, S.L.<\/p>\n<p>B96152004<\/p>\n<p>CRTA. ALCORA KM 7,5 &#8211; 12130 SAN JUAN DE MORO (CASTELL\u00d3N)<\/p>\n<p>E-Mail: ittspain@ittspain.com<\/td>\n<\/tr>\n<tr>\n<td width=\"177\"><strong>Finalidades principales  <\/strong><\/td>\n<td width=\"189\">Gesti\u00f3n comercial, administrativa, fiscal, y contable<\/p>\n<p>Atenci\u00f3n de consultas<\/p>\n<p>Env\u00edo newsletter<\/td>\n<td width=\"362\">La finalidad principal del tratamiento es la gesti\u00f3n comercial, administrativa, fiscal y contable.<\/p>\n<p>Atender las consultas de los Usuarios que se pongan en contacto con nosotros a trav\u00e9s de los apartados de Contacto o Formularios habilitados en el sitio web corporativo.<\/p>\n<p>El env\u00edo de publicidad y newsletter se realizar\u00e1 siempre con el consentimiento del interesado.<\/td>\n<\/tr>\n<tr>\n<td width=\"177\"><strong>Legitimaci\u00f3n y conservaci\u00f3n<\/strong><\/td>\n<td width=\"189\">Base jur\u00eddica del tratamiento<\/td>\n<td width=\"362\">La base jur\u00eddica para el tratamiento de los datos es el consentimiento del interesado, as\u00ed como la ejecuci\u00f3n del contrato de servicios suscrito por ambas partes. Los datos se conservar\u00e1n mientras se mantenga le relaci\u00f3n contractual, y no se solicite su supresi\u00f3n, y en cualquier caso en cumplimiento de plazos legales de prescripci\u00f3n que le resulten de aplicaci\u00f3n<\/td>\n<\/tr>\n<tr>\n<td width=\"177\"><strong>Destinatarios de cesiones<\/strong><\/td>\n<td width=\"189\">No se han previsto cesiones de datos<\/td>\n<td width=\"362\">No se han previsto cesiones de datos. En caso de producirse tendr\u00e1n por finalidad el cumplimiento de fines directamente relacionados con las funciones leg\u00edtimas del cedente y del cesionario con el previo consentimiento del interesado.<\/td>\n<\/tr>\n<tr>\n<td width=\"177\"><strong>Derechos de los interesados<\/strong><\/td>\n<td width=\"189\">Ejercicio de derechos<\/td>\n<td width=\"362\">Los interesados pueden ejercitar sus derechos de acceso, rectificaci\u00f3n, supresi\u00f3n, portabilidad y la limitaci\u00f3n u oposici\u00f3n dirigi\u00e9ndose por escrito, acompa\u00f1ando fotocopia del D.N.I. ante     SANICERAMIC IMPORT AND EXPORT, S.L.    CRTA. ALCORA KM 7,5 &#8211; 12130 SAN JUAN DE MORO (CASTELL\u00d3N), o enviando un correo electr\u00f3nico a    ittspain@ittspain.com.  En caso de que sus  derechos no sean correctamente atendidos Ud. podr\u00e1 dirigirse a la Autoridad de Control competente para presentar la reclamaci\u00f3n que considere oportuna.<\/td>\n<\/tr>\n<tr>\n<td width=\"177\"><strong>Procedencia de los datos<\/strong><\/td>\n<td width=\"189\">El propio interesado principalmente<\/td>\n<td width=\"362\">Los datos personales que tratamos proceden del propio interesado.<\/td>\n<\/tr>\n<\/tbody>\n<\/table>\n<p>&nbsp;<\/p>\n<p>&nbsp;<\/p>\n<p>&nbsp;<\/p>\n","protected":false},"excerpt":{"rendered":"<p>Informaci\u00f3n b\u00e1sica y detallada en protecci\u00f3n de datos &nbsp; Informaci\u00f3n B\u00e1sica Informaci\u00f3n Adicional Responsable del Tratamiento SANICERAMIC IMPORT AND EXPORT, S.L. SANICERAMIC IMPORT AND EXPORT, S.L. B96152004 CRTA. ALCORA KM 7,5 &#8211; 12130 SAN JUAN DE MORO (CASTELL\u00d3N) E-Mail: ittspain@ittspain.com Finalidades principales Gesti\u00f3n comercial, administrativa, fiscal, y contable Atenci\u00f3n de consultas Env\u00edo newsletter La finalidad [&hellip;]<\/p>\n","protected":false},"author":1,"featured_media":0,"parent":0,"menu_order":0,"comment_status":"closed","ping_status":"closed","template":"legal.php","meta":{"_acf_changed":false,"footnotes":""},"class_list":["post-1238","page","type-page","status-publish","hentry"],"acf":[],"yoast_head":"<!-- This site is optimized with the Yoast SEO plugin v27.4 - https:\/\/yoast.com\/product\/yoast-seo-wordpress\/ -->\n<title>Basic and detailed information on data protection - ITT Ceramic<\/title>\n<meta name=\"robots\" content=\"index, follow, max-snippet:-1, max-image-preview:large, max-video-preview:-1\" \/>\n<link rel=\"canonical\" href=\"https:\/\/ittceramic.com\/en\/basic-and-detailed-information-on-data-protection\/\" \/>\n<meta property=\"og:locale\" content=\"en_US\" \/>\n<meta property=\"og:type\" content=\"article\" \/>\n<meta property=\"og:title\" content=\"Basic and detailed information on data protection - ITT Ceramic\" \/>\n<meta property=\"og:description\" content=\"Informaci\u00f3n b\u00e1sica y detallada en protecci\u00f3n de datos &nbsp; Informaci\u00f3n B\u00e1sica Informaci\u00f3n Adicional Responsable del Tratamiento SANICERAMIC IMPORT AND EXPORT, S.L. SANICERAMIC IMPORT AND EXPORT, S.L. B96152004 CRTA. ALCORA KM 7,5 &#8211; 12130 SAN JUAN DE MORO (CASTELL\u00d3N) E-Mail: ittspain@ittspain.com Finalidades principales Gesti\u00f3n comercial, administrativa, fiscal, y contable Atenci\u00f3n de consultas Env\u00edo newsletter La finalidad [&hellip;]\" \/>\n<meta property=\"og:url\" content=\"https:\/\/ittceramic.com\/en\/basic-and-detailed-information-on-data-protection\/\" \/>\n<meta property=\"og:site_name\" content=\"ITT Ceramic\" \/>\n<meta property=\"article:modified_time\" content=\"2019-11-13T07:56:42+00:00\" \/>\n<meta name=\"twitter:card\" content=\"summary_large_image\" \/>\n<meta name=\"twitter:label1\" content=\"Est. reading time\" \/>\n\t<meta name=\"twitter:data1\" content=\"2 minutes\" \/>\n<script type=\"application\/ld+json\" class=\"yoast-schema-graph\">{\"@context\":\"https:\\\/\\\/schema.org\",\"@graph\":[{\"@type\":\"WebPage\",\"@id\":\"https:\\\/\\\/ittceramic.com\\\/en\\\/basic-and-detailed-information-on-data-protection\\\/\",\"url\":\"https:\\\/\\\/ittceramic.com\\\/en\\\/basic-and-detailed-information-on-data-protection\\\/\",\"name\":\"Basic and detailed information on data protection - ITT Ceramic\",\"isPartOf\":{\"@id\":\"https:\\\/\\\/ittceramic.com\\\/#website\"},\"datePublished\":\"2018-05-15T08:12:59+00:00\",\"dateModified\":\"2019-11-13T07:56:42+00:00\",\"breadcrumb\":{\"@id\":\"https:\\\/\\\/ittceramic.com\\\/en\\\/basic-and-detailed-information-on-data-protection\\\/#breadcrumb\"},\"inLanguage\":\"en-US\",\"potentialAction\":[{\"@type\":\"ReadAction\",\"target\":[\"https:\\\/\\\/ittceramic.com\\\/en\\\/basic-and-detailed-information-on-data-protection\\\/\"]}]},{\"@type\":\"BreadcrumbList\",\"@id\":\"https:\\\/\\\/ittceramic.com\\\/en\\\/basic-and-detailed-information-on-data-protection\\\/#breadcrumb\",\"itemListElement\":[{\"@type\":\"ListItem\",\"position\":1,\"name\":\"Portada\",\"item\":\"https:\\\/\\\/ittceramic.com\\\/en\\\/\"},{\"@type\":\"ListItem\",\"position\":2,\"name\":\"Basic and detailed information on data protection\"}]},{\"@type\":\"WebSite\",\"@id\":\"https:\\\/\\\/ittceramic.com\\\/#website\",\"url\":\"https:\\\/\\\/ittceramic.com\\\/\",\"name\":\"ITT Ceramic\",\"description\":\"\",\"potentialAction\":[{\"@type\":\"SearchAction\",\"target\":{\"@type\":\"EntryPoint\",\"urlTemplate\":\"https:\\\/\\\/ittceramic.com\\\/?s={search_term_string}\"},\"query-input\":{\"@type\":\"PropertyValueSpecification\",\"valueRequired\":true,\"valueName\":\"search_term_string\"}}],\"inLanguage\":\"en-US\"}]}<\/script>\n<!-- \/ Yoast SEO plugin. -->","yoast_head_json":{"title":"Basic and detailed information on data protection - ITT Ceramic","robots":{"index":"index","follow":"follow","max-snippet":"max-snippet:-1","max-image-preview":"max-image-preview:large","max-video-preview":"max-video-preview:-1"},"canonical":"https:\/\/ittceramic.com\/en\/basic-and-detailed-information-on-data-protection\/","og_locale":"en_US","og_type":"article","og_title":"Basic and detailed information on data protection - ITT Ceramic","og_description":"Informaci\u00f3n b\u00e1sica y detallada en protecci\u00f3n de datos &nbsp; Informaci\u00f3n B\u00e1sica Informaci\u00f3n Adicional Responsable del Tratamiento SANICERAMIC IMPORT AND EXPORT, S.L. SANICERAMIC IMPORT AND EXPORT, S.L. B96152004 CRTA. ALCORA KM 7,5 &#8211; 12130 SAN JUAN DE MORO (CASTELL\u00d3N) E-Mail: ittspain@ittspain.com Finalidades principales Gesti\u00f3n comercial, administrativa, fiscal, y contable Atenci\u00f3n de consultas Env\u00edo newsletter La finalidad [&hellip;]","og_url":"https:\/\/ittceramic.com\/en\/basic-and-detailed-information-on-data-protection\/","og_site_name":"ITT Ceramic","article_modified_time":"2019-11-13T07:56:42+00:00","twitter_card":"summary_large_image","twitter_misc":{"Est. reading time":"2 minutes"},"schema":{"@context":"https:\/\/schema.org","@graph":[{"@type":"WebPage","@id":"https:\/\/ittceramic.com\/en\/basic-and-detailed-information-on-data-protection\/","url":"https:\/\/ittceramic.com\/en\/basic-and-detailed-information-on-data-protection\/","name":"Basic and detailed information on data protection - ITT Ceramic","isPartOf":{"@id":"https:\/\/ittceramic.com\/#website"},"datePublished":"2018-05-15T08:12:59+00:00","dateModified":"2019-11-13T07:56:42+00:00","breadcrumb":{"@id":"https:\/\/ittceramic.com\/en\/basic-and-detailed-information-on-data-protection\/#breadcrumb"},"inLanguage":"en-US","potentialAction":[{"@type":"ReadAction","target":["https:\/\/ittceramic.com\/en\/basic-and-detailed-information-on-data-protection\/"]}]},{"@type":"BreadcrumbList","@id":"https:\/\/ittceramic.com\/en\/basic-and-detailed-information-on-data-protection\/#breadcrumb","itemListElement":[{"@type":"ListItem","position":1,"name":"Portada","item":"https:\/\/ittceramic.com\/en\/"},{"@type":"ListItem","position":2,"name":"Basic and detailed information on data protection"}]},{"@type":"WebSite","@id":"https:\/\/ittceramic.com\/#website","url":"https:\/\/ittceramic.com\/","name":"ITT Ceramic","description":"","potentialAction":[{"@type":"SearchAction","target":{"@type":"EntryPoint","urlTemplate":"https:\/\/ittceramic.com\/?s={search_term_string}"},"query-input":{"@type":"PropertyValueSpecification","valueRequired":true,"valueName":"search_term_string"}}],"inLanguage":"en-US"}]}},"_links":{"self":[{"href":"https:\/\/ittceramic.com\/en\/wp-json\/wp\/v2\/pages\/1238","targetHints":{"allow":["GET"]}}],"collection":[{"href":"https:\/\/ittceramic.com\/en\/wp-json\/wp\/v2\/pages"}],"about":[{"href":"https:\/\/ittceramic.com\/en\/wp-json\/wp\/v2\/types\/page"}],"author":[{"embeddable":true,"href":"https:\/\/ittceramic.com\/en\/wp-json\/wp\/v2\/users\/1"}],"replies":[{"embeddable":true,"href":"https:\/\/ittceramic.com\/en\/wp-json\/wp\/v2\/comments?post=1238"}],"version-history":[{"count":5,"href":"https:\/\/ittceramic.com\/en\/wp-json\/wp\/v2\/pages\/1238\/revisions"}],"predecessor-version":[{"id":5714,"href":"https:\/\/ittceramic.com\/en\/wp-json\/wp\/v2\/pages\/1238\/revisions\/5714"}],"wp:attachment":[{"href":"https:\/\/ittceramic.com\/en\/wp-json\/wp\/v2\/media?parent=1238"}],"curies":[{"name":"wp","href":"https:\/\/api.w.org\/{rel}","templated":true}]}}