{"id":26248,"date":"2025-09-15T11:55:56","date_gmt":"2025-09-15T09:55:56","guid":{"rendered":"https:\/\/ittceramic.com\/creative\/"},"modified":"2025-09-15T11:55:56","modified_gmt":"2025-09-15T09:55:56","slug":"creative","status":"publish","type":"page","link":"https:\/\/ittceramic.com\/en\/creative\/","title":{"rendered":"Creative"},"content":{"rendered":"<p>Creative es una nueva marca inspirada en el pasado que mira al futuro recuperando la esencia y el esp\u00edritu artesanal de la cer\u00e1mica. Reinterpretamos un producto cl\u00e1sico para actualizar el azulejo con la mirada siempre puesta en los peque\u00f1os detalles.<\/p>\n","protected":false},"excerpt":{"rendered":"<p>Creative es una nueva marca inspirada en el pasado que mira al futuro recuperando la esencia y el esp\u00edritu artesanal de la cer\u00e1mica. Reinterpretamos un producto cl\u00e1sico para actualizar el azulejo con la mirada siempre puesta en los peque\u00f1os detalles.<\/p>\n","protected":false},"author":1,"featured_media":0,"parent":0,"menu_order":0,"comment_status":"closed","ping_status":"closed","template":"creative.php","meta":{"_acf_changed":false,"footnotes":""},"class_list":["post-26248","page","type-page","status-publish","hentry"],"acf":[],"yoast_head":"<!-- This site is optimized with the Yoast SEO plugin v27.3 - https:\/\/yoast.com\/product\/yoast-seo-wordpress\/ -->\n<title>Creative - ITT Ceramic<\/title>\n<meta name=\"robots\" content=\"index, follow, max-snippet:-1, max-image-preview:large, max-video-preview:-1\" \/>\n<link rel=\"canonical\" href=\"https:\/\/ittceramic.com\/en\/creative\/\" \/>\n<meta property=\"og:locale\" content=\"en_US\" \/>\n<meta property=\"og:type\" content=\"article\" \/>\n<meta property=\"og:title\" content=\"Creative - ITT Ceramic\" \/>\n<meta property=\"og:description\" content=\"Creative es una nueva marca inspirada en el pasado que mira al futuro recuperando la esencia y el esp\u00edritu artesanal de la cer\u00e1mica. Reinterpretamos un producto cl\u00e1sico para actualizar el azulejo con la mirada siempre puesta en los peque\u00f1os detalles.\" \/>\n<meta property=\"og:url\" content=\"https:\/\/ittceramic.com\/en\/creative\/\" \/>\n<meta property=\"og:site_name\" content=\"ITT Ceramic\" \/>\n<meta name=\"twitter:card\" content=\"summary_large_image\" \/>\n<meta name=\"twitter:label1\" content=\"Est. reading time\" \/>\n\t<meta name=\"twitter:data1\" content=\"1 minute\" \/>\n<script type=\"application\/ld+json\" class=\"yoast-schema-graph\">{\"@context\":\"https:\\\/\\\/schema.org\",\"@graph\":[{\"@type\":\"WebPage\",\"@id\":\"https:\\\/\\\/ittceramic.com\\\/en\\\/creative\\\/\",\"url\":\"https:\\\/\\\/ittceramic.com\\\/en\\\/creative\\\/\",\"name\":\"Creative - ITT Ceramic\",\"isPartOf\":{\"@id\":\"https:\\\/\\\/ittceramic.com\\\/#website\"},\"datePublished\":\"2025-09-15T09:55:56+00:00\",\"breadcrumb\":{\"@id\":\"https:\\\/\\\/ittceramic.com\\\/en\\\/creative\\\/#breadcrumb\"},\"inLanguage\":\"en-US\",\"potentialAction\":[{\"@type\":\"ReadAction\",\"target\":[\"https:\\\/\\\/ittceramic.com\\\/en\\\/creative\\\/\"]}]},{\"@type\":\"BreadcrumbList\",\"@id\":\"https:\\\/\\\/ittceramic.com\\\/en\\\/creative\\\/#breadcrumb\",\"itemListElement\":[{\"@type\":\"ListItem\",\"position\":1,\"name\":\"Portada\",\"item\":\"https:\\\/\\\/ittceramic.com\\\/en\\\/\"},{\"@type\":\"ListItem\",\"position\":2,\"name\":\"Creative\"}]},{\"@type\":\"WebSite\",\"@id\":\"https:\\\/\\\/ittceramic.com\\\/#website\",\"url\":\"https:\\\/\\\/ittceramic.com\\\/\",\"name\":\"ITT Ceramic\",\"description\":\"\",\"potentialAction\":[{\"@type\":\"SearchAction\",\"target\":{\"@type\":\"EntryPoint\",\"urlTemplate\":\"https:\\\/\\\/ittceramic.com\\\/?s={search_term_string}\"},\"query-input\":{\"@type\":\"PropertyValueSpecification\",\"valueRequired\":true,\"valueName\":\"search_term_string\"}}],\"inLanguage\":\"en-US\"}]}<\/script>\n<!-- \/ Yoast SEO plugin. -->","yoast_head_json":{"title":"Creative - ITT Ceramic","robots":{"index":"index","follow":"follow","max-snippet":"max-snippet:-1","max-image-preview":"max-image-preview:large","max-video-preview":"max-video-preview:-1"},"canonical":"https:\/\/ittceramic.com\/en\/creative\/","og_locale":"en_US","og_type":"article","og_title":"Creative - ITT Ceramic","og_description":"Creative es una nueva marca inspirada en el pasado que mira al futuro recuperando la esencia y el esp\u00edritu artesanal de la cer\u00e1mica. Reinterpretamos un producto cl\u00e1sico para actualizar el azulejo con la mirada siempre puesta en los peque\u00f1os detalles.","og_url":"https:\/\/ittceramic.com\/en\/creative\/","og_site_name":"ITT Ceramic","twitter_card":"summary_large_image","twitter_misc":{"Est. reading time":"1 minute"},"schema":{"@context":"https:\/\/schema.org","@graph":[{"@type":"WebPage","@id":"https:\/\/ittceramic.com\/en\/creative\/","url":"https:\/\/ittceramic.com\/en\/creative\/","name":"Creative - ITT Ceramic","isPartOf":{"@id":"https:\/\/ittceramic.com\/#website"},"datePublished":"2025-09-15T09:55:56+00:00","breadcrumb":{"@id":"https:\/\/ittceramic.com\/en\/creative\/#breadcrumb"},"inLanguage":"en-US","potentialAction":[{"@type":"ReadAction","target":["https:\/\/ittceramic.com\/en\/creative\/"]}]},{"@type":"BreadcrumbList","@id":"https:\/\/ittceramic.com\/en\/creative\/#breadcrumb","itemListElement":[{"@type":"ListItem","position":1,"name":"Portada","item":"https:\/\/ittceramic.com\/en\/"},{"@type":"ListItem","position":2,"name":"Creative"}]},{"@type":"WebSite","@id":"https:\/\/ittceramic.com\/#website","url":"https:\/\/ittceramic.com\/","name":"ITT Ceramic","description":"","potentialAction":[{"@type":"SearchAction","target":{"@type":"EntryPoint","urlTemplate":"https:\/\/ittceramic.com\/?s={search_term_string}"},"query-input":{"@type":"PropertyValueSpecification","valueRequired":true,"valueName":"search_term_string"}}],"inLanguage":"en-US"}]}},"_links":{"self":[{"href":"https:\/\/ittceramic.com\/en\/wp-json\/wp\/v2\/pages\/26248","targetHints":{"allow":["GET"]}}],"collection":[{"href":"https:\/\/ittceramic.com\/en\/wp-json\/wp\/v2\/pages"}],"about":[{"href":"https:\/\/ittceramic.com\/en\/wp-json\/wp\/v2\/types\/page"}],"author":[{"embeddable":true,"href":"https:\/\/ittceramic.com\/en\/wp-json\/wp\/v2\/users\/1"}],"replies":[{"embeddable":true,"href":"https:\/\/ittceramic.com\/en\/wp-json\/wp\/v2\/comments?post=26248"}],"version-history":[{"count":0,"href":"https:\/\/ittceramic.com\/en\/wp-json\/wp\/v2\/pages\/26248\/revisions"}],"wp:attachment":[{"href":"https:\/\/ittceramic.com\/en\/wp-json\/wp\/v2\/media?parent=26248"}],"curies":[{"name":"wp","href":"https:\/\/api.w.org\/{rel}","templated":true}]}}