{"id":371,"date":"2017-10-25T09:11:33","date_gmt":"2017-10-25T07:11:33","guid":{"rendered":"https:\/\/ittceramic.com\/aviso-legal\/"},"modified":"2019-11-13T08:53:17","modified_gmt":"2019-11-13T07:53:17","slug":"legal-disclaimer","status":"publish","type":"page","link":"https:\/\/ittceramic.com\/en\/legal-disclaimer\/","title":{"rendered":"Legal notice"},"content":{"rendered":"<h1><strong> Aviso legal<\/strong><\/h1>\n<p>En cumplimiento del art\u00edculo 10 de la Ley 34\/2002, de 11 de julio, de Servicios de la Sociedad de la Informaci\u00f3n y Comercio Electr\u00f3nico (LSSICE), a continuaci\u00f3n se exponen los datos identificativos de la empresa titular del sitio web.<\/p>\n<p><strong>Titular<\/strong>: D. RAMI HAMZE KHADDAJ<\/p>\n<p><strong>N.I.F.:<\/strong> ____________________<\/p>\n<p><strong>Direcci\u00f3n:<\/strong> CRTA. ALCORA KM 7,5<\/p>\n<p><strong>C.P.<\/strong> 12130 SAN JUAN DE MORO (CASTELL\u00d3N)<\/p>\n<p><strong>E-Mail:<\/strong> <a href=\"mailto:ittspain@ittspain.com\">ittspain@ittspain.com<\/a><\/p>\n<p>D. RAMI HAMZE KHADDAJ (Legal representante de la mercantil SANICERAMIC IMPORT AND EXPORT, S.L.), es propietario del nombre de dominio y sitio en Internet al que se accede a trav\u00e9s de la direcci\u00f3n <a href=\"http:\/\/ittceramic.com\">http:\/\/ittceramic.com<\/a>.<\/p>\n<h2><strong>2. Aceptaci\u00f3n de las Condiciones de uso<\/strong><\/h2>\n<p>Las presentes condiciones (en adelante denominadas \u201cAviso legal\u201d) tienen por objeto regular el uso de esta Web que EL TITULAR pone a disposici\u00f3n del p\u00fablico en la presente URL.<\/p>\n<p>La utilizaci\u00f3n del sitio Web por un tercero le atribuye la condici\u00f3n de Usuario y supone la aceptaci\u00f3n plena por dicho Usuario de todas y cada una de las condiciones que se incorporan al presente Aviso legal.<\/p>\n<h2><strong>3. Condiciones de uso de la Web<\/strong><\/h2>\n<p>El Usuario se compromete a utilizar la Web de conformidad con la Ley, el presente Aviso Legal, y dem\u00e1s avisos, reglamentos de uso e instrucciones puestos en su conocimiento, as\u00ed como con la moral y las buenas costumbres generalmente aceptadas y el orden p\u00fablico.<\/p>\n<p>El Usuario se obliga a usar los Contenidos de forma diligente, correcta y l\u00edcita y, en particular, se compromete a abstenerse de (a) utilizar los Contenidos de forma, con fines o efectos contrarios a la ley, a la moral y a las buenas costumbres generalmente aceptadas o al orden p\u00fablico; (b) reproducir o copiar, distribuir, permitir el acceso del p\u00fablico a trav\u00e9s de cualquier modalidad de comunicaci\u00f3n p\u00fablica, transformar o modificar los Contenidos, a menos que se cuente con la autorizaci\u00f3n del titular de los correspondientes derechos o ello resulte legalmente permitido; (c) suprimir, eludir o manipular el &#8220;copyright&#8221; y dem\u00e1s datos identificativos.<\/p>\n<p>Queda prohibido realizar sin la debida autorizaci\u00f3n cualquier tipo de publicidad o informaci\u00f3n comercial directamente o de forma encubierta el env\u00edo de correos masivos (&#8220;spaming&#8221;).<\/p>\n<p>Igualmente, queda prohibido realizar acciones que puedan producir en el sitio Web o a trav\u00e9s del mismo por cualquier medio, cualquier tipo de da\u00f1o a los sistemas del TITULAR o a terceros.<\/p>\n<p>Cualquier enlace que se efect\u00fae con los contenidos, requerir\u00e1 la previa conformidad del TITULAR y deber\u00e1 permitir, mediante la oportuna visualizaci\u00f3n, la identificaci\u00f3n de su procedencia. La utilizaci\u00f3n de esta informaci\u00f3n en otros sitios de Internet requerir\u00e1 autorizaci\u00f3n expresa.<\/p>\n<h2><strong> 4. E<\/strong><strong>xenci\u00f3n de responsabilidades<\/strong><\/h2>\n<p>EL TITULAR podr\u00e1 modificar, sin previo aviso, la informaci\u00f3n contenida en su sitio Web, as\u00ed como su configuraci\u00f3n y presentaci\u00f3n. EL TITULAR no garantiza la inexistencia de interrupciones o errores en el acceso a la p\u00e1gina Web, en su contenido, ni que \u00e9ste se encuentre actualizado, aunque desarrollar\u00e1 sus mejores esfuerzos para, en su caso, evitarlos, subsanarlos o actualizarlos.<\/p>\n<p>EL TITULAR no se hace responsable de los da\u00f1os y perjuicios directos o indirectos, incluidos da\u00f1os a sistemas inform\u00e1ticos e introducci\u00f3n de virus existentes en la red, derivados de la navegaci\u00f3n por Internet necesaria para el uso de este sitio Web.<\/p>\n<p>EL TITULAR se compromete a trav\u00e9s de este medio a NO REALIZAR PUBLICIDAD ENGA\u00d1OSA. A estos efectos, por lo tanto, no ser\u00e1n considerados como publicidad enga\u00f1osa los errores formales o num\u00e9ricos que puedan encontrarse a lo largo del contenido de las distintas secciones del sitio web, producidos como consecuencia de un mantenimiento y\/o actualizaci\u00f3n incompleta o defectuosa de la informaci\u00f3n contenida es estas secciones. EL TITULAR como consecuencia de lo dispuesto en este apartado, se compromete a corregirlo tan pronto como tenga conocimiento de dichos errores.<\/p>\n<p>EL TITULAR no se hace responsable del incumplimiento de cualquier norma aplicable en que pueda incurrir el Usuario en su acceso al presente sitio Web y\/o en el uso de las informaciones contenidas en el mismo.<\/p>\n<p>En definitiva, el Usuario es el \u00fanico responsable del uso que realice de los servicios, contenidos, enlaces (links) e hipertexto incluidos en el sitio Web del TITULAR.<\/p>\n<h2><strong>5. Derechos Propiedad intelectual e industrial<\/strong><\/h2>\n<p>Todos los contenidos del sitio web, salvo que se indique lo contrario, son titularidad exclusiva del TITULAR y, con car\u00e1cter enunciativo, que no limitativo, el dise\u00f1o gr\u00e1fico, c\u00f3digo fuente, logos, textos, gr\u00e1ficos, ilustraciones, fotograf\u00edas, y dem\u00e1s elementos que aparecen en la Web.<\/p>\n<p>EL TITULAR no concede ning\u00fan tipo de licencia o autorizaci\u00f3n de uso personal al Usuario sobre sus derechos de propiedad intelectual e industrial o sobre cualquier otro derecho relacionado con su Web y los servicios ofrecidos en la misma.<\/p>\n<p>Por ello, el Usuario reconoce que la reproducci\u00f3n, distribuci\u00f3n, comercializaci\u00f3n, transformaci\u00f3n, y en general, cualquier otra forma de explotaci\u00f3n, por cualquier procedimiento, de todo o parte de los contenidos de este Web constituye una infracci\u00f3n de los derechos de propiedad intelectual y\/o industrial de la empresa o del titular de los mismos.<\/p>\n<p>El Usuario, \u00fanica y exclusivamente, puede utilizar el material que aparezca en este sitio Web para su uso personal y privado, quedando prohibido su uso con fines comerciales o para incurrir en actividades il\u00edcitas.<\/p>\n<p>En virtud de lo dispuesto en los art\u00edculos 8 y 32.1, p\u00e1rrafo segundo, de la Ley de Propiedad Intelectual, quedan expresamente prohibidas la reproducci\u00f3n, la distribuci\u00f3n y la comunicaci\u00f3n p\u00fablica, incluida su modalidad de puesta a disposici\u00f3n, de la totalidad o parte de los contenidos de esta p\u00e1gina Web, con fines comerciales, en cualquier soporte y por cualquier medio t\u00e9cnico, sin la autorizaci\u00f3n del TITULAR.  El Usuario se compromete a respetar los derechos de Propiedad Intelectual e Industrial del presente sitio web.<\/p>\n<p>EL TITULAR velar\u00e1 por el cumplimiento de las anteriores condiciones como por la debida utilizaci\u00f3n de los contenidos presentados en su sitio Web, ejercitando todas las acciones civiles y penales que le correspondan en el caso de infracci\u00f3n o incumplimiento de estos derechos por parte del Usuario.<\/p>\n<h2><strong>6. Pol\u00edtica de privacidad de datos<\/strong><\/h2>\n<p>Esta pol\u00edtica de privacidad establece la forma en que se van a gestionar los datos personales que el INTERESADO nos facilite. Esta pol\u00edtica es aceptada expresa y plenamente por el INTERESADO desde el momento en que para el uso del sitio o de los servicios ofrecidos por EL TITULAR, comunique a la misma sus datos personales dado que dicha comunicaci\u00f3n siempre es voluntaria y supondr\u00e1 un acto expl\u00edcito de aceptaci\u00f3n de las condiciones de tratamiento de sus datos personales para la finalidad informada por EL TITULAR.<\/p>\n<p>A efectos de lo previsto en el Art\u00edculo 13 del Reglamento (UE) 2016\/679 del Parlamento Europeo Y del Consejo, relativo a la protecci\u00f3n de las personas f\u00edsicas en lo que respecta al tratamiento de datos personales, y la Ley Org\u00e1nica 3\/2018, de 5 de diciembre, de Protecci\u00f3n de Datos Personales y Garant\u00eda de los Derechos Digitales, se informa de manera clara y transparente de los datos del Responsable del tratamiento.<\/p>\n<h3><strong>DATOS IDENTIFICATIVOS Y DE CONTACTO DEL RESPONSABLE DEL TRATAMIENTO.<\/strong><\/h3>\n<p>SANICERAMIC IMPORT AND EXPORT, S.L.<\/p>\n<p>B96152004<\/p>\n<p>CRTA. ALCORA KM 7,5 &#8211; 12130 SAN JUAN DE MORO (CASTELL\u00d3N)<\/p>\n<p><a href=\"mailto:ittspain@ittspain.com\">ittspain@ittspain.com<\/a><\/p>\n<p>LA EMPRESA ha adoptado las medidas oportunas de seguridad en sus instalaciones, sistemas y tratamientos. Ha establecido todos los medios t\u00e9cnicos a su alcance para evitar la p\u00e9rdida, mal uso, alteraci\u00f3n, acceso no autorizado y robo de los datos que el INTERESADO le facilite, velando as\u00ed por su integridad y confidencialidad.<\/p>\n<h3>FINALIDADES DE TRATAMIENTO DE LOS DATOS DE CAR\u00c1CTER PERSONAL.<\/h3>\n<p>El RESPONSABLE DEL TRATAMIENTO utilizar\u00e1 los datos de car\u00e1cter personal facilitados para las siguientes finalidades de tratamiento:<\/p>\n<ol>\n<li>Para prestar los servicios solicitados por el INTERESADO.<\/li>\n<li>Llevar a cabo la gesti\u00f3n comercial, contable y administrativa de los datos facilitados.<\/li>\n<li>Atender solicitudes de informaci\u00f3n. Cuando el INTERESADO utiliza los servicios habilitados al efecto para contactar con LA EMPRESA (a trav\u00e9s del formulario de contacto, tel\u00e9fono, o correo electr\u00f3nico), LA EMPRESA tratar\u00e1 sus datos personales para atender y gestionar la contestaci\u00f3n de la comunicaci\u00f3n realizada por el INTERESADO.<\/li>\n<li>Mantenerle informado de futuras promociones, noticias y novedades relacionadas con nuestros servicios a trav\u00e9s del env\u00edo de nuestra newsletter.<\/li>\n<\/ol>\n<p>El no facilitar los datos personales solicitados o el no aceptar la presente pol\u00edtica de protecci\u00f3n de datos supone la imposibilidad de llevar a cabo la prestaci\u00f3n de servicios solicitada por parte del INTERESADO.<\/p>\n<p>Los datos personales proporcionados se conservar\u00e1n mientras el INTERESADO no solicite su supresi\u00f3n o cancelaci\u00f3n y siempre que resulten adecuados, pertinentes y limitados a lo necesario para los fines para los que sean tratados. En este caso, los datos proporcionados se conservar\u00e1n mientras se mantenga la relaci\u00f3n contractual, o durante el periodo necesario para cumplir con las obligaciones legales. Se garantiza un tratamiento de datos leal y transparente.<\/p>\n<p>Utilizamos las cuentas de Facebook, Pinterest, Youtube, Linkedin e Instagram para informar sobre nuestras actividades e interactuar con nuestros seguidores. El acceso y uso de las p\u00e1ginas oficiales de LA EMPRESA, est\u00e1 sujeto al cumplimiento de las condiciones establecidas por los titulares de la plataforma del servicio de las referidas redes sociales.<\/p>\n<h3><strong>LEGITIMACI\u00d3N O BASE JUR\u00cdDICA DEL TRATAMIENTO.<\/strong><\/h3>\n<p>La base jur\u00eddica para el tratamiento de los datos solicitados y recogidos por LA EMPRESA, ser\u00e1 la siguiente:<\/p>\n<ul>\n<li>En el caso de la recogida de datos a trav\u00e9s de los canales de contacto habilitados en el sitio web, incluidos los formularios web, la base jur\u00eddica del tratamiento est\u00e1 basada en el consentimiento del interesado.<br \/>\nPara ello, en cada formulario, se incluir\u00e1 un check-box en el que se solicitar\u00e1 dicho consentimiento, informando de la existencia del aviso legal y de la presente pol\u00edtica de privacidad y facilitando el acceso a ambas.<\/li>\n<li>En el caso en que exista una relaci\u00f3n contractual o pre-contractual entre LA EMPRESA y el INTERESADO, la base jur\u00eddica para el tratamiento de los datos facilitados est\u00e1 basada en el consentimiento del interesado as\u00ed como en la ejecuci\u00f3n de un contrato de servicios.<\/li>\n<\/ul>\n<h3><strong>CESIONES DE LOS DATOS PERSONALES DEL USUARIO A TERCEROS.<\/strong><\/h3>\n<p>En ning\u00fan caso cederemos sus datos a terceros sin informarle previamente y requerirle su consentimiento.<\/p>\n<p>La EMPRESA informa al INTERESADO de que cualquier cesi\u00f3n de datos que deba realizar, ser\u00e1 puesta en su conocimiento inform\u00e1ndole de modo expreso, preciso e inequ\u00edvoco de los destinatarios de la informaci\u00f3n, de la finalidad a que se destinar\u00e1n los datos, y de la naturaleza de los datos cedidos y, en su caso, cuando la legislaci\u00f3n lo establezca, previamente se solicitar\u00e1 el consentimiento expl\u00edcito, inequ\u00edvoco, espec\u00edfico e informado al INTERESADO.<\/p>\n<h3><strong>TRANSFERENCIAS INTERNACIONALES DE DATOS<\/strong><\/h3>\n<p>Se le informa que el RESPONSABLE DEL TRATAMIENTO contrata la gesti\u00f3n del env\u00edo de su Newsletter con un encargado de tratamiento situado fuera de la UE al amparo del Acuerdo de Escudo de Privacidad entre la Uni\u00f3n Europea y los Estados Unidos, que garantiza un nivel adecuado de protecci\u00f3n de los datos personales. Dichos env\u00edos son gestionados a trav\u00e9s de la plataforma Mailchimp (Pol\u00edtica de Privacidad Mailchimp <a href=\"https:\/\/mailchimp.com\/legal\">https:\/\/mailchimp.com\/legal<\/a>).<\/p>\n<h3><strong>EJERCICIO DE DERECHOS DE ACCESO, RECTIFICACI\u00d3N, CANCELACI\u00d3N O SUPRESI\u00d3N, OPOSICI\u00d3N, LIMITACI\u00d3N AL TRATAMIENTO Y PORTABILIDAD.<\/strong><\/h3>\n<p>Le informamos que los derechos de acceso, rectificaci\u00f3n, supresi\u00f3n, limitaci\u00f3n de tratamiento, u oposici\u00f3n al tratamiento, as\u00ed como el derecho a la portabilidad de los datos podr\u00e1n ser ejercitados ante el Responsable del tratamiento por cualquier medio sujeto en derecho, acompa\u00f1ando de copia de documento oficial que le identifique dirigi\u00e9ndose a: SANICERAMIC IMPORT AND EXPORT, S.L., con direcci\u00f3n postal CRTA. ALCORA KM 7,5 &#8211; 12130 SAN JUAN DE MORO (CASTELL\u00d3N), o enviando un mensaje al correo electr\u00f3nico a <a href=\"mailto:ittspain@ittspain.com\">ittspain@ittspain.com<\/a>,  seg\u00fan los t\u00e9rminos que la normativa aplicable establece. Si considera que el tratamiento no se ajusta a la normativa vigente, podr\u00e1 presentar una reclamaci\u00f3n ante la autoridad de control en <a href=\"http:\/\/agpd.es\/\">agpd.es<\/a>.<\/p>\n<p>La solicitud deber\u00e1 contener nombre, apellidos del INTERESADO, copia del DNI y, en los casos que se admita, de la persona que lo represente, as\u00ed como documento acreditativo de la representaci\u00f3n, petici\u00f3n en que se concreta la solicitud, domicilio a efectos de notificaciones, fecha y firma del solicitante y documentos acreditativos de la petici\u00f3n que formula. Si la solicitud no re\u00fane los requisitos especificados se requerir\u00e1 su subsanaci\u00f3n. Respecto al derecho de acceso, \u00fanicamente se denegar\u00e1 cuando la solicitud sea formulada por persona distinta del afectado. No se exigir\u00e1 contraprestaci\u00f3n alguna por el ejercicio de los derechos.<\/p>\n<p>En el caso de que se haya otorgado el consentimiento para alguna finalidad espec\u00edfica, se puede ejercitar el derecho a retirar dicho consentimiento en cualquier momento, sin que ello afecte a la licitud del tratamiento basado en el consentimiento previo a su retirada.<\/p>\n<p>El INTERESADO queda informado del derecho que le asiste a presentar una reclamaci\u00f3n ante la Agencia Espa\u00f1ola de Protecci\u00f3n de Datos (AEPD) y\/o solicitar su tutela, en particular, cuando considere que no ha obtenido satisfacci\u00f3n por parte de LA EMPRESA, en el ejercicio de sus derechos, a trav\u00e9s de la sede electr\u00f3nica de su portal web (<a href=\"..\/..\/..\/..\/..\/F-J\/FRANCISCO%20HERNANDEZ\/Fco.%20Hernandez%20RGPD\/Fco.Hernadez.docs\/www.agpd.es\">www.agpd.es<\/a>), o bien mediante escrito dirigido a su direcci\u00f3n postal (C\/Jorge Juan, 6, 28001-Madrid).<\/p>\n<p>El INTERESADO declara haber sido informado de las condiciones sobre Protecci\u00f3n de Datos de Car\u00e1cter Personal en los t\u00e9rminos establecidos en el Art\u00edculo 13 del Reglamento (UE) 2016\/679 del Parlamento Europeo Y del Consejo, relativo a la protecci\u00f3n de las personas f\u00edsicas en lo que respecta al tratamiento de datos personales, otorgando su consentimiento para el tratamiento de sus datos personales en relaci\u00f3n a las finalidades anteriormente descritas, en la forma y para las finalidades indicadas en la presente Pol\u00edtica de Privacidad.<\/p>\n<p>LA EMPRESA se reserva el derecho de modificar su pol\u00edtica de protecci\u00f3n de datos de acuerdo a su criterio, o a causa de un cambio legislativo, jurisprudencial o en la pr\u00e1ctica empresarial.<\/p>\n<p>Si LA EMPRESA  incluyese  alguna modificaci\u00f3n, el nuevo texto ser\u00e1 publicado en este mismo sitio Web, donde el INTERESADO podr\u00e1 tener conocimiento de la pol\u00edtica de protecci\u00f3n de datos actual.<\/p>\n<h2><strong>8. Ley aplicable y jurisdicci\u00f3n<\/strong><\/h2>\n<p>LA EMPRESA y el USUARIO-CLIENTE, con renuncia expresa a cualquier otro fuero, se someten al de los Juzgados y Tribunales del domicilio del Usuario para cualquier controversia que pudiera derivarse del acceso al Sitio web. En el caso de que el USUARIO-CLIENTE tenga su domicilio fuera de Espa\u00f1a, LA EMPRESA y el USUARIO-CLIENTE se someten, con renuncia expresa a cualquier otro fuero, a los Juzgados y Tribunales de la ciudad de Castell\u00f3n (Espa\u00f1a).<\/p>\n","protected":false},"excerpt":{"rendered":"<p>Aviso legal En cumplimiento del art\u00edculo 10 de la Ley 34\/2002, de 11 de julio, de Servicios de la Sociedad de la Informaci\u00f3n y Comercio Electr\u00f3nico (LSSICE), a continuaci\u00f3n se exponen los datos identificativos de la empresa titular del sitio web. Titular: D. RAMI HAMZE KHADDAJ N.I.F.: ____________________ Direcci\u00f3n: CRTA. ALCORA KM 7,5 C.P. 12130 [&hellip;]<\/p>\n","protected":false},"author":1,"featured_media":0,"parent":0,"menu_order":0,"comment_status":"closed","ping_status":"closed","template":"legal.php","meta":{"_acf_changed":false,"footnotes":""},"class_list":["post-371","page","type-page","status-publish","hentry"],"acf":[],"yoast_head":"<!-- This site is optimized with the Yoast SEO plugin v27.4 - https:\/\/yoast.com\/product\/yoast-seo-wordpress\/ -->\n<title>Legal notice - ITT Ceramic<\/title>\n<meta name=\"robots\" content=\"index, follow, max-snippet:-1, max-image-preview:large, max-video-preview:-1\" \/>\n<link rel=\"canonical\" href=\"https:\/\/ittceramic.com\/en\/legal-disclaimer\/\" \/>\n<meta property=\"og:locale\" content=\"en_US\" \/>\n<meta property=\"og:type\" content=\"article\" \/>\n<meta property=\"og:title\" content=\"Legal notice - ITT Ceramic\" \/>\n<meta property=\"og:description\" content=\"Aviso legal En cumplimiento del art\u00edculo 10 de la Ley 34\/2002, de 11 de julio, de Servicios de la Sociedad de la Informaci\u00f3n y Comercio Electr\u00f3nico (LSSICE), a continuaci\u00f3n se exponen los datos identificativos de la empresa titular del sitio web. Titular: D. RAMI HAMZE KHADDAJ N.I.F.: ____________________ Direcci\u00f3n: CRTA. ALCORA KM 7,5 C.P. 12130 [&hellip;]\" \/>\n<meta property=\"og:url\" content=\"https:\/\/ittceramic.com\/en\/legal-disclaimer\/\" \/>\n<meta property=\"og:site_name\" content=\"ITT Ceramic\" \/>\n<meta property=\"article:modified_time\" content=\"2019-11-13T07:53:17+00:00\" \/>\n<meta name=\"twitter:card\" content=\"summary_large_image\" \/>\n<meta name=\"twitter:label1\" content=\"Est. reading time\" \/>\n\t<meta name=\"twitter:data1\" content=\"13 minutes\" \/>\n<script type=\"application\/ld+json\" class=\"yoast-schema-graph\">{\"@context\":\"https:\\\/\\\/schema.org\",\"@graph\":[{\"@type\":\"WebPage\",\"@id\":\"https:\\\/\\\/ittceramic.com\\\/en\\\/legal-disclaimer\\\/\",\"url\":\"https:\\\/\\\/ittceramic.com\\\/en\\\/legal-disclaimer\\\/\",\"name\":\"Legal notice - ITT Ceramic\",\"isPartOf\":{\"@id\":\"https:\\\/\\\/ittceramic.com\\\/#website\"},\"datePublished\":\"2017-10-25T07:11:33+00:00\",\"dateModified\":\"2019-11-13T07:53:17+00:00\",\"breadcrumb\":{\"@id\":\"https:\\\/\\\/ittceramic.com\\\/en\\\/legal-disclaimer\\\/#breadcrumb\"},\"inLanguage\":\"en-US\",\"potentialAction\":[{\"@type\":\"ReadAction\",\"target\":[\"https:\\\/\\\/ittceramic.com\\\/en\\\/legal-disclaimer\\\/\"]}]},{\"@type\":\"BreadcrumbList\",\"@id\":\"https:\\\/\\\/ittceramic.com\\\/en\\\/legal-disclaimer\\\/#breadcrumb\",\"itemListElement\":[{\"@type\":\"ListItem\",\"position\":1,\"name\":\"Portada\",\"item\":\"https:\\\/\\\/ittceramic.com\\\/en\\\/\"},{\"@type\":\"ListItem\",\"position\":2,\"name\":\"Legal notice\"}]},{\"@type\":\"WebSite\",\"@id\":\"https:\\\/\\\/ittceramic.com\\\/#website\",\"url\":\"https:\\\/\\\/ittceramic.com\\\/\",\"name\":\"ITT Ceramic\",\"description\":\"\",\"potentialAction\":[{\"@type\":\"SearchAction\",\"target\":{\"@type\":\"EntryPoint\",\"urlTemplate\":\"https:\\\/\\\/ittceramic.com\\\/?s={search_term_string}\"},\"query-input\":{\"@type\":\"PropertyValueSpecification\",\"valueRequired\":true,\"valueName\":\"search_term_string\"}}],\"inLanguage\":\"en-US\"}]}<\/script>\n<!-- \/ Yoast SEO plugin. -->","yoast_head_json":{"title":"Legal notice - ITT Ceramic","robots":{"index":"index","follow":"follow","max-snippet":"max-snippet:-1","max-image-preview":"max-image-preview:large","max-video-preview":"max-video-preview:-1"},"canonical":"https:\/\/ittceramic.com\/en\/legal-disclaimer\/","og_locale":"en_US","og_type":"article","og_title":"Legal notice - ITT Ceramic","og_description":"Aviso legal En cumplimiento del art\u00edculo 10 de la Ley 34\/2002, de 11 de julio, de Servicios de la Sociedad de la Informaci\u00f3n y Comercio Electr\u00f3nico (LSSICE), a continuaci\u00f3n se exponen los datos identificativos de la empresa titular del sitio web. Titular: D. RAMI HAMZE KHADDAJ N.I.F.: ____________________ Direcci\u00f3n: CRTA. ALCORA KM 7,5 C.P. 12130 [&hellip;]","og_url":"https:\/\/ittceramic.com\/en\/legal-disclaimer\/","og_site_name":"ITT Ceramic","article_modified_time":"2019-11-13T07:53:17+00:00","twitter_card":"summary_large_image","twitter_misc":{"Est. reading time":"13 minutes"},"schema":{"@context":"https:\/\/schema.org","@graph":[{"@type":"WebPage","@id":"https:\/\/ittceramic.com\/en\/legal-disclaimer\/","url":"https:\/\/ittceramic.com\/en\/legal-disclaimer\/","name":"Legal notice - ITT Ceramic","isPartOf":{"@id":"https:\/\/ittceramic.com\/#website"},"datePublished":"2017-10-25T07:11:33+00:00","dateModified":"2019-11-13T07:53:17+00:00","breadcrumb":{"@id":"https:\/\/ittceramic.com\/en\/legal-disclaimer\/#breadcrumb"},"inLanguage":"en-US","potentialAction":[{"@type":"ReadAction","target":["https:\/\/ittceramic.com\/en\/legal-disclaimer\/"]}]},{"@type":"BreadcrumbList","@id":"https:\/\/ittceramic.com\/en\/legal-disclaimer\/#breadcrumb","itemListElement":[{"@type":"ListItem","position":1,"name":"Portada","item":"https:\/\/ittceramic.com\/en\/"},{"@type":"ListItem","position":2,"name":"Legal notice"}]},{"@type":"WebSite","@id":"https:\/\/ittceramic.com\/#website","url":"https:\/\/ittceramic.com\/","name":"ITT Ceramic","description":"","potentialAction":[{"@type":"SearchAction","target":{"@type":"EntryPoint","urlTemplate":"https:\/\/ittceramic.com\/?s={search_term_string}"},"query-input":{"@type":"PropertyValueSpecification","valueRequired":true,"valueName":"search_term_string"}}],"inLanguage":"en-US"}]}},"_links":{"self":[{"href":"https:\/\/ittceramic.com\/en\/wp-json\/wp\/v2\/pages\/371","targetHints":{"allow":["GET"]}}],"collection":[{"href":"https:\/\/ittceramic.com\/en\/wp-json\/wp\/v2\/pages"}],"about":[{"href":"https:\/\/ittceramic.com\/en\/wp-json\/wp\/v2\/types\/page"}],"author":[{"embeddable":true,"href":"https:\/\/ittceramic.com\/en\/wp-json\/wp\/v2\/users\/1"}],"replies":[{"embeddable":true,"href":"https:\/\/ittceramic.com\/en\/wp-json\/wp\/v2\/comments?post=371"}],"version-history":[{"count":8,"href":"https:\/\/ittceramic.com\/en\/wp-json\/wp\/v2\/pages\/371\/revisions"}],"predecessor-version":[{"id":5710,"href":"https:\/\/ittceramic.com\/en\/wp-json\/wp\/v2\/pages\/371\/revisions\/5710"}],"wp:attachment":[{"href":"https:\/\/ittceramic.com\/en\/wp-json\/wp\/v2\/media?parent=371"}],"curies":[{"name":"wp","href":"https:\/\/api.w.org\/{rel}","templated":true}]}}