{"id":373,"date":"2017-10-25T09:12:11","date_gmt":"2017-10-25T07:12:11","guid":{"rendered":"https:\/\/ittceramic.com\/politica-de-cookies\/"},"modified":"2019-11-13T08:58:46","modified_gmt":"2019-11-13T07:58:46","slug":"cookies-policy","status":"publish","type":"page","link":"https:\/\/ittceramic.com\/en\/cookies-policy\/","title":{"rendered":"Cookies Policy"},"content":{"rendered":"<h1><strong>\u00bfQU\u00c9 SON LAS COOKIES? <\/strong><\/h1>\n<p>Una cookie es un fichero que se descarga en el disco duro de su ordenador al acceder a determinadas p\u00e1ginas web o aplicaciones. Las cookies permiten, entre otras cosas, recopilar informaci\u00f3n estad\u00edstica, facilitar ciertas funcionalidades t\u00e9cnicas, almacenar y recuperar informaci\u00f3n sobre los h\u00e1bitos de navegaci\u00f3n o preferencias de un usuario o de su equipo y, dependiendo de la informaci\u00f3n que contengan y de la forma en que utilice su equipo, pueden utilizarse para reconocer al usuario. Tenga en cuenta que las cookies no pueden da\u00f1ar su equipo y que, a cambio, el que est\u00e9n activadas nos ayudan a identificar y resolver los posibles errores.<\/p>\n<h2><strong>Existen varios tipos de cookies:<\/strong><\/h2>\n<p><strong>Cookies propias o de terceros:<\/strong> son propias cuando las cookies se gestionan desde el terminal o dominio de un mismo editor. De terceros, cuando no las env\u00eda el propio editor, sino por otra entidad.<\/p>\n<p><strong>Cookies de sesi\u00f3n y persistentes: <\/strong>en las de sesi\u00f3n, los datos recabados s\u00f3lo se recogen mientras el usuario est\u00e1 navegando por la p\u00e1gina web. En el caso de las persistentes, los datos contin\u00faan almacenados en el terminal y se puede acceder a ellos durante un per\u00edodo de tiempo determinados.<\/p>\n<p><strong>Cookies t\u00e9cnicas\/personalizaci\u00f3n\/an\u00e1lisis\/publicitarias:<\/strong> las cookies t\u00e9cnicas ser\u00edan las que permiten controlar el tr\u00e1fico y la comunicaci\u00f3n de datos; las de personalizaci\u00f3n, las que dejan a los usuarios acceder seg\u00fan algunas caracter\u00edsticas propias que se recogen (navegador, idioma, etc.). Las de an\u00e1lisis recogen datos sobre el comportamiento de los usuarios y permiten elaborar un perfil de usuario. Por \u00faltimo, las publicitarias recogen datos sobre la gesti\u00f3n de los espacios publicitarios.<\/p>\n<p>Nuestro sitio web utiliza cookies. Las estrictamente necesarias se instalan de forma autom\u00e1tica. Las que puedan utilizarse para personalizar el contenido y los anuncios, ofrecer funciones de redes sociales y analizar el tr\u00e1fico, quedan a su elecci\u00f3n, marque o desmarque las casillas que encontrar\u00e1 al navegar en nuestro sitio web seg\u00fan su criterio.<\/p>\n<p>La normativa establece que podemos almacenar cookies en su dispositivo si son estrictamente necesarias para el funcionamiento del sitio web. Para todos los dem\u00e1s tipos de cookies necesitamos su permiso. Tiene la opci\u00f3n de configurar sus cookies de forma f\u00e1cil y r\u00e1pida en el apartado &#8220;configurar cookies&#8221;A continuaci\u00f3n, le detallamos el tipo de cookies que utilizamos en nuestro sitio web.<\/p>\n<h2><strong>Cuadro resumen de nuestras cookies utilizadas en el sitio web<\/strong><\/h2>\n<table width=\"100%\">\n<thead>\n<tr>\n<th>Nombre<\/th>\n<th>Proveedor<\/th>\n<th>Finalidad<\/th>\n<th>Duraci\u00f3n<\/th>\n<\/tr>\n<\/thead>\n<tbody>\n<tr>\n<td>test_cookie<\/td>\n<td>doubleclick.net<\/td>\n<td>Anal\u00edtica<\/td>\n<td>1 mes<\/td>\n<\/tr>\n<tr>\n<td>IDE<\/td>\n<td>doubleclick.net<\/td>\n<td>Anal\u00edtica<\/td>\n<td>1 mes<\/td>\n<\/tr>\n<tr>\n<td>fr<\/td>\n<td>facebook.com<\/td>\n<td>Integraci\u00f3n con Facebook<\/td>\n<td>3 meses<\/td>\n<\/tr>\n<tr>\n<td>UserMatchHistory<\/td>\n<td>linkedin.com<\/td>\n<td>Integraci\u00f3n con Linkedin<\/td>\n<td>1 mes<\/td>\n<\/tr>\n<tr>\n<td>bcookie<\/td>\n<td>linkedin.com<\/td>\n<td>Integraci\u00f3n con Linkedin<\/td>\n<td>2 a\u00f1os<\/td>\n<\/tr>\n<tr>\n<td>bscookie<\/td>\n<td>linkedin.com<\/td>\n<td>Integraci\u00f3n con Linkedin<\/td>\n<td>2 a\u00f1os<\/td>\n<\/tr>\n<tr>\n<td>lang<\/td>\n<td>linkedin.com<\/td>\n<td>Integraci\u00f3n con Linkedin<\/td>\n<td>Sesi\u00f3n<\/td>\n<\/tr>\n<tr>\n<td>lidc<\/td>\n<td>linkedin.com<\/td>\n<td>Integraci\u00f3n con Linkedin<\/td>\n<td>1 d\u00eda<\/td>\n<\/tr>\n<tr>\n<td>BizoID<\/td>\n<td>ads.linkedin.com<\/td>\n<td>Publicidad<\/td>\n<td>1 mes<\/td>\n<\/tr>\n<tr>\n<td>lang<\/td>\n<td>ads.linkedin.com<\/td>\n<td>Publicidad<\/td>\n<td>Sesi\u00f3n<\/td>\n<\/tr>\n<\/tbody>\n<\/table>\n<h2><strong>REVOCACI\u00d3N INSTALACI\u00d3N DE COOKIES<\/strong><\/h2>\n<p>El usuario tendr\u00e1 la posibilidad de decidir si mantiene las cookies habilitadas en su ordenador a trav\u00e9s del gestor de cookies habilitado para dicha finalidad.<\/p>\n<p>El usuario que quiera deshabilitar las cookies aceptadas hasta ahora podr\u00e1 hacerlo desde la secci\u00f3n de preferencias de su navegador de Internet. Esta configuraci\u00f3n debe realizarla en cada navegador, si lo hace en un navegador y no en los restantes del mismo dispositivo, se asumir\u00e1 que en los otros si acepta el uso de cookies.<\/p>\n<p>Como cada navegador posee configuraciones diferentes, deber\u00e1 dirigirse a la parte de ayuda de cada uno para ver el caso en particular. En esta secci\u00f3n se hace menci\u00f3n a los m\u00e1s comunes, no obstante por actualizaciones de los navegadores o del sistema operativo que est\u00e9 utilizando, esto puede variar. Lo mejor es que siempre acuda a los manuales de uso de su navegador.<\/p>\n<p>Chrome: Ir a Men\u00fa \u2013 Configuraci\u00f3n (en Mac: Preferencias) \u2013 Ajustes Avanzados \u2013 Privacidad \u2013 Aqu\u00ed elige si configurar las cookies o eliminar las cookies existentes. Para m\u00e1s informaci\u00f3n puede visitar la ayuda de Chrome.<\/p>\n<p>Internet Explorer: Ir a Herramientas \u2013 Opciones de Internet \u2013 Privacidad \u2013 Privacidad \u2013 Configuraci\u00f3n \u2013 Opciones avanzadas. Configure lo deseado. Para m\u00e1s informaci\u00f3n puede visitar la secci\u00f3n de ayuda propia del navegador<\/p>\n<p>Firefox: Ir a Men\u00fa \u2013 Preferencias \u2013 Privacidad \u2013 Mostrar cookies \u2013 Configurar seg\u00fan lo que desee. Para m\u00e1s informaci\u00f3n puede visitar la secci\u00f3n de ayuda del navegador<\/p>\n<p>Safari: Safari \u2013 Preferencias \u2013 Privacidad \u2013 Realice la configuraci\u00f3n deseada. Para m\u00e1s informaci\u00f3n puede visitar la <a href=\"https:\/\/support.apple.com\/kb\/ph21411?locale=es_ES\">ayuda de Apple<\/a><\/p>\n<p>&nbsp;<\/p>\n<p>Pol\u00edtica de cookies actualizada por \u00faltima vez el 30\/07\/2019<\/p>\n<p>&nbsp;<\/p>\n","protected":false},"excerpt":{"rendered":"<p>\u00bfQU\u00c9 SON LAS COOKIES? Una cookie es un fichero que se descarga en el disco duro de su ordenador al acceder a determinadas p\u00e1ginas web o aplicaciones. Las cookies permiten, entre otras cosas, recopilar informaci\u00f3n estad\u00edstica, facilitar ciertas funcionalidades t\u00e9cnicas, almacenar y recuperar informaci\u00f3n sobre los h\u00e1bitos de navegaci\u00f3n o preferencias de un usuario o [&hellip;]<\/p>\n","protected":false},"author":1,"featured_media":0,"parent":0,"menu_order":0,"comment_status":"closed","ping_status":"closed","template":"legal.php","meta":{"_acf_changed":false,"footnotes":""},"class_list":["post-373","page","type-page","status-publish","hentry"],"acf":[],"yoast_head":"<!-- This site is optimized with the Yoast SEO plugin v27.4 - https:\/\/yoast.com\/product\/yoast-seo-wordpress\/ -->\n<title>Cookies Policy - ITT Ceramic<\/title>\n<meta name=\"robots\" content=\"index, follow, max-snippet:-1, max-image-preview:large, max-video-preview:-1\" \/>\n<link rel=\"canonical\" href=\"https:\/\/ittceramic.com\/en\/cookies-policy\/\" \/>\n<meta property=\"og:locale\" content=\"en_US\" \/>\n<meta property=\"og:type\" content=\"article\" \/>\n<meta property=\"og:title\" content=\"Cookies Policy - ITT Ceramic\" \/>\n<meta property=\"og:description\" content=\"\u00bfQU\u00c9 SON LAS COOKIES? Una cookie es un fichero que se descarga en el disco duro de su ordenador al acceder a determinadas p\u00e1ginas web o aplicaciones. Las cookies permiten, entre otras cosas, recopilar informaci\u00f3n estad\u00edstica, facilitar ciertas funcionalidades t\u00e9cnicas, almacenar y recuperar informaci\u00f3n sobre los h\u00e1bitos de navegaci\u00f3n o preferencias de un usuario o [&hellip;]\" \/>\n<meta property=\"og:url\" content=\"https:\/\/ittceramic.com\/en\/cookies-policy\/\" \/>\n<meta property=\"og:site_name\" content=\"ITT Ceramic\" \/>\n<meta property=\"article:modified_time\" content=\"2019-11-13T07:58:46+00:00\" \/>\n<meta name=\"twitter:card\" content=\"summary_large_image\" \/>\n<meta name=\"twitter:label1\" content=\"Est. reading time\" \/>\n\t<meta name=\"twitter:data1\" content=\"4 minutes\" \/>\n<script type=\"application\/ld+json\" class=\"yoast-schema-graph\">{\"@context\":\"https:\\\/\\\/schema.org\",\"@graph\":[{\"@type\":\"WebPage\",\"@id\":\"https:\\\/\\\/ittceramic.com\\\/en\\\/cookies-policy\\\/\",\"url\":\"https:\\\/\\\/ittceramic.com\\\/en\\\/cookies-policy\\\/\",\"name\":\"Cookies Policy - ITT Ceramic\",\"isPartOf\":{\"@id\":\"https:\\\/\\\/ittceramic.com\\\/#website\"},\"datePublished\":\"2017-10-25T07:12:11+00:00\",\"dateModified\":\"2019-11-13T07:58:46+00:00\",\"breadcrumb\":{\"@id\":\"https:\\\/\\\/ittceramic.com\\\/en\\\/cookies-policy\\\/#breadcrumb\"},\"inLanguage\":\"en-US\",\"potentialAction\":[{\"@type\":\"ReadAction\",\"target\":[\"https:\\\/\\\/ittceramic.com\\\/en\\\/cookies-policy\\\/\"]}]},{\"@type\":\"BreadcrumbList\",\"@id\":\"https:\\\/\\\/ittceramic.com\\\/en\\\/cookies-policy\\\/#breadcrumb\",\"itemListElement\":[{\"@type\":\"ListItem\",\"position\":1,\"name\":\"Portada\",\"item\":\"https:\\\/\\\/ittceramic.com\\\/en\\\/\"},{\"@type\":\"ListItem\",\"position\":2,\"name\":\"Cookies Policy\"}]},{\"@type\":\"WebSite\",\"@id\":\"https:\\\/\\\/ittceramic.com\\\/#website\",\"url\":\"https:\\\/\\\/ittceramic.com\\\/\",\"name\":\"ITT Ceramic\",\"description\":\"\",\"potentialAction\":[{\"@type\":\"SearchAction\",\"target\":{\"@type\":\"EntryPoint\",\"urlTemplate\":\"https:\\\/\\\/ittceramic.com\\\/?s={search_term_string}\"},\"query-input\":{\"@type\":\"PropertyValueSpecification\",\"valueRequired\":true,\"valueName\":\"search_term_string\"}}],\"inLanguage\":\"en-US\"}]}<\/script>\n<!-- \/ Yoast SEO plugin. -->","yoast_head_json":{"title":"Cookies Policy - ITT Ceramic","robots":{"index":"index","follow":"follow","max-snippet":"max-snippet:-1","max-image-preview":"max-image-preview:large","max-video-preview":"max-video-preview:-1"},"canonical":"https:\/\/ittceramic.com\/en\/cookies-policy\/","og_locale":"en_US","og_type":"article","og_title":"Cookies Policy - ITT Ceramic","og_description":"\u00bfQU\u00c9 SON LAS COOKIES? Una cookie es un fichero que se descarga en el disco duro de su ordenador al acceder a determinadas p\u00e1ginas web o aplicaciones. Las cookies permiten, entre otras cosas, recopilar informaci\u00f3n estad\u00edstica, facilitar ciertas funcionalidades t\u00e9cnicas, almacenar y recuperar informaci\u00f3n sobre los h\u00e1bitos de navegaci\u00f3n o preferencias de un usuario o [&hellip;]","og_url":"https:\/\/ittceramic.com\/en\/cookies-policy\/","og_site_name":"ITT Ceramic","article_modified_time":"2019-11-13T07:58:46+00:00","twitter_card":"summary_large_image","twitter_misc":{"Est. reading time":"4 minutes"},"schema":{"@context":"https:\/\/schema.org","@graph":[{"@type":"WebPage","@id":"https:\/\/ittceramic.com\/en\/cookies-policy\/","url":"https:\/\/ittceramic.com\/en\/cookies-policy\/","name":"Cookies Policy - ITT Ceramic","isPartOf":{"@id":"https:\/\/ittceramic.com\/#website"},"datePublished":"2017-10-25T07:12:11+00:00","dateModified":"2019-11-13T07:58:46+00:00","breadcrumb":{"@id":"https:\/\/ittceramic.com\/en\/cookies-policy\/#breadcrumb"},"inLanguage":"en-US","potentialAction":[{"@type":"ReadAction","target":["https:\/\/ittceramic.com\/en\/cookies-policy\/"]}]},{"@type":"BreadcrumbList","@id":"https:\/\/ittceramic.com\/en\/cookies-policy\/#breadcrumb","itemListElement":[{"@type":"ListItem","position":1,"name":"Portada","item":"https:\/\/ittceramic.com\/en\/"},{"@type":"ListItem","position":2,"name":"Cookies Policy"}]},{"@type":"WebSite","@id":"https:\/\/ittceramic.com\/#website","url":"https:\/\/ittceramic.com\/","name":"ITT Ceramic","description":"","potentialAction":[{"@type":"SearchAction","target":{"@type":"EntryPoint","urlTemplate":"https:\/\/ittceramic.com\/?s={search_term_string}"},"query-input":{"@type":"PropertyValueSpecification","valueRequired":true,"valueName":"search_term_string"}}],"inLanguage":"en-US"}]}},"_links":{"self":[{"href":"https:\/\/ittceramic.com\/en\/wp-json\/wp\/v2\/pages\/373","targetHints":{"allow":["GET"]}}],"collection":[{"href":"https:\/\/ittceramic.com\/en\/wp-json\/wp\/v2\/pages"}],"about":[{"href":"https:\/\/ittceramic.com\/en\/wp-json\/wp\/v2\/types\/page"}],"author":[{"embeddable":true,"href":"https:\/\/ittceramic.com\/en\/wp-json\/wp\/v2\/users\/1"}],"replies":[{"embeddable":true,"href":"https:\/\/ittceramic.com\/en\/wp-json\/wp\/v2\/comments?post=373"}],"version-history":[{"count":7,"href":"https:\/\/ittceramic.com\/en\/wp-json\/wp\/v2\/pages\/373\/revisions"}],"predecessor-version":[{"id":5716,"href":"https:\/\/ittceramic.com\/en\/wp-json\/wp\/v2\/pages\/373\/revisions\/5716"}],"wp:attachment":[{"href":"https:\/\/ittceramic.com\/en\/wp-json\/wp\/v2\/media?parent=373"}],"curies":[{"name":"wp","href":"https:\/\/api.w.org\/{rel}","templated":true}]}}