{"id":375,"date":"2017-10-25T09:11:44","date_gmt":"2017-10-25T07:11:44","guid":{"rendered":"https:\/\/ittceramic.com\/politica-de-privacidad\/"},"modified":"2019-11-13T08:54:50","modified_gmt":"2019-11-13T07:54:50","slug":"privacy-policy","status":"publish","type":"page","link":"https:\/\/ittceramic.com\/en\/privacy-policy\/","title":{"rendered":"Privacy Policy"},"content":{"rendered":"<h1><strong>Pol\u00edtica de privacidad de datos<\/strong><\/h1>\n<p>Esta pol\u00edtica de privacidad establece la forma en que se van a gestionar los datos personales que el INTERESADO nos facilite. Esta pol\u00edtica es aceptada expresa y plenamente por el INTERESADO desde el momento en que para el uso del sitio o de los servicios ofrecidos por EL TITULAR, comunique a la misma sus datos personales dado que dicha comunicaci\u00f3n siempre es voluntaria y supondr\u00e1 un acto expl\u00edcito de aceptaci\u00f3n de las condiciones de tratamiento de sus datos personales para la finalidad informada por EL TITULAR.<\/p>\n<p>A efectos de lo previsto en el Art\u00edculo 13 del Reglamento (UE) 2016\/679 del Parlamento Europeo Y del Consejo, relativo a la protecci\u00f3n de las personas f\u00edsicas en lo que respecta al tratamiento de datos personales, y la Ley Org\u00e1nica 3\/2018, de 5 de diciembre, de Protecci\u00f3n de Datos Personales y Garant\u00eda de los Derechos Digitales, se informa de manera clara y transparente de los datos del Responsable del tratamiento.<\/p>\n<h2><strong>DATOS IDENTIFICATIVOS Y DE CONTACTO DEL RESPONSABLE DEL TRATAMIENTO.<\/strong><\/h2>\n<p>SANICERAMIC IMPORT AND EXPORT, S.L.<\/p>\n<p>B96152004<\/p>\n<p>CRTA. ALCORA KM 7,5 &#8211; 12130 SAN JUAN DE MORO (CASTELL\u00d3N)<\/p>\n<p><a href=\"mailto:ittspain@ittspain.com\">ittspain@ittspain.com<\/a><\/p>\n<p>LA EMPRESA ha adoptado las medidas oportunas de seguridad en sus instalaciones, sistemas y tratamientos. Ha establecido todos los medios t\u00e9cnicos a su alcance para evitar la p\u00e9rdida, mal uso, alteraci\u00f3n, acceso no autorizado y robo de los datos que el INTERESADO le facilite, velando as\u00ed por su integridad y confidencialidad.<\/p>\n<h2>FINALIDADES DE TRATAMIENTO DE LOS DATOS DE CAR\u00c1CTER PERSONAL.<\/h2>\n<p>El RESPONSABLE DEL TRATAMIENTO utilizar\u00e1 los datos de car\u00e1cter personal facilitados para las siguientes finalidades de tratamiento:<\/p>\n<ol>\n<li>Para prestar los servicios solicitados por el INTERESADO.<\/li>\n<li>Llevar a cabo la gesti\u00f3n comercial, contable y administrativa de los datos facilitados.<\/li>\n<li>Atender solicitudes de informaci\u00f3n. Cuando el INTERESADO utiliza los servicios habilitados al efecto para contactar con LA EMPRESA (a trav\u00e9s del formulario de contacto, tel\u00e9fono, o correo electr\u00f3nico), LA EMPRESA tratar\u00e1 sus datos personales para atender y gestionar la contestaci\u00f3n de la comunicaci\u00f3n realizada por el INTERESADO.<\/li>\n<li>Mantenerle informado de futuras promociones, noticias y novedades relacionadas con nuestros servicios a trav\u00e9s del env\u00edo de nuestra newsletter.<\/li>\n<\/ol>\n<p>El no facilitar los datos personales solicitados o el no aceptar la presente pol\u00edtica de protecci\u00f3n de datos supone la imposibilidad de llevar a cabo la prestaci\u00f3n de servicios solicitada por parte del INTERESADO.<\/p>\n<p>Los datos personales proporcionados se conservar\u00e1n mientras el INTERESADO no solicite su supresi\u00f3n o cancelaci\u00f3n y siempre que resulten adecuados, pertinentes y limitados a lo necesario para los fines para los que sean tratados. En este caso, los datos proporcionados se conservar\u00e1n mientras se mantenga la relaci\u00f3n contractual, o durante el periodo necesario para cumplir con las obligaciones legales. Se garantiza un tratamiento de datos leal y transparente.<\/p>\n<p>Utilizamos las cuentas de Facebook, Pinterest, Youtube, Linkedin e Instagram para informar sobre nuestras actividades e interactuar con nuestros seguidores. El acceso y uso de las p\u00e1ginas oficiales de LA EMPRESA, est\u00e1 sujeto al cumplimiento de las condiciones establecidas por los titulares de la plataforma del servicio de las referidas redes sociales.<\/p>\n<h2><strong>LEGITIMACI\u00d3N O BASE JUR\u00cdDICA DEL TRATAMIENTO.<\/strong><\/h2>\n<p>La base jur\u00eddica para el tratamiento de los datos solicitados y recogidos por LA EMPRESA, ser\u00e1 la siguiente:<\/p>\n<ul>\n<li>En el caso de la recogida de datos a trav\u00e9s de los canales de contacto habilitados en el sitio web, incluidos los formularios web, la base jur\u00eddica del tratamiento est\u00e1 basada en el consentimiento del interesado.<br \/>\nPara ello, en cada formulario, se incluir\u00e1 un check-box en el que se solicitar\u00e1 dicho consentimiento, informando de la existencia del aviso legal y de la presente pol\u00edtica de privacidad y facilitando el acceso a ambas.<\/li>\n<li>En el caso en que exista una relaci\u00f3n contractual o pre-contractual entre LA EMPRESA y el INTERESADO, la base jur\u00eddica para el tratamiento de los datos facilitados est\u00e1 basada en el consentimiento del interesado as\u00ed como en la ejecuci\u00f3n de un contrato de servicios.<\/li>\n<\/ul>\n<h2><strong>CESIONES DE LOS DATOS PERSONALES DEL USUARIO A TERCEROS.<\/strong><\/h2>\n<p>En ning\u00fan caso cederemos sus datos a terceros sin informarle previamente y requerirle su consentimiento.<\/p>\n<p>La EMPRESA informa al INTERESADO de que cualquier cesi\u00f3n de datos que deba realizar, ser\u00e1 puesta en su conocimiento inform\u00e1ndole de modo expreso, preciso e inequ\u00edvoco de los destinatarios de la informaci\u00f3n, de la finalidad a que se destinar\u00e1n los datos, y de la naturaleza de los datos cedidos y, en su caso, cuando la legislaci\u00f3n lo establezca, previamente se solicitar\u00e1 el consentimiento expl\u00edcito, inequ\u00edvoco, espec\u00edfico e informado al INTERESADO.<\/p>\n<h2><strong>TRANSFERENCIAS INTERNACIONALES DE DATOS<\/strong><\/h2>\n<p>Se le informa que el RESPONSABLE DEL TRATAMIENTO contrata la gesti\u00f3n del env\u00edo de su Newsletter con un encargado de tratamiento situado fuera de la UE al amparo del Acuerdo de Escudo de Privacidad entre la Uni\u00f3n Europea y los Estados Unidos, que garantiza un nivel adecuado de protecci\u00f3n de los datos personales. Dichos env\u00edos son gestionados a trav\u00e9s de la plataforma Mailchimp (Pol\u00edtica de Privacidad Mailchimp <a href=\"https:\/\/mailchimp.com\/legal\">https:\/\/mailchimp.com\/legal<\/a>).<\/p>\n<h2><strong>EJERCICIO DE DERECHOS DE ACCESO, RECTIFICACI\u00d3N, CANCELACI\u00d3N O SUPRESI\u00d3N, OPOSICI\u00d3N, LIMITACI\u00d3N AL TRATAMIENTO Y PORTABILIDAD.<\/strong><\/h2>\n<p>Le informamos que los derechos de acceso, rectificaci\u00f3n, supresi\u00f3n, limitaci\u00f3n de tratamiento, u oposici\u00f3n al tratamiento, as\u00ed como el derecho a la portabilidad de los datos podr\u00e1n ser ejercitados ante el Responsable del tratamiento por cualquier medio sujeto en derecho, acompa\u00f1ando de copia de documento oficial que le identifique dirigi\u00e9ndose a: SANICERAMIC IMPORT AND EXPORT, S.L., con direcci\u00f3n postal CRTA. ALCORA KM 7,5 &#8211; 12130 SAN JUAN DE MORO (CASTELL\u00d3N), o enviando un mensaje al correo electr\u00f3nico a <a href=\"mailto:ittspain@ittspain.com\">ittspain@ittspain.com<\/a>,  seg\u00fan los t\u00e9rminos que la normativa aplicable establece. Si considera que el tratamiento no se ajusta a la normativa vigente, podr\u00e1 presentar una reclamaci\u00f3n ante la autoridad de control en <a href=\"http:\/\/agpd.es\/\">agpd.es<\/a>.<\/p>\n<p>La solicitud deber\u00e1 contener nombre, apellidos del INTERESADO, copia del DNI y, en los casos que se admita, de la persona que lo represente, as\u00ed como documento acreditativo de la representaci\u00f3n, petici\u00f3n en que se concreta la solicitud, domicilio a efectos de notificaciones, fecha y firma del solicitante y documentos acreditativos de la petici\u00f3n que formula. Si la solicitud no re\u00fane los requisitos especificados se requerir\u00e1 su subsanaci\u00f3n. Respecto al derecho de acceso, \u00fanicamente se denegar\u00e1 cuando la solicitud sea formulada por persona distinta del afectado. No se exigir\u00e1 contraprestaci\u00f3n alguna por el ejercicio de los derechos.<\/p>\n<p>En el caso de que se haya otorgado el consentimiento para alguna finalidad espec\u00edfica, se puede ejercitar el derecho a retirar dicho consentimiento en cualquier momento, sin que ello afecte a la licitud del tratamiento basado en el consentimiento previo a su retirada.<\/p>\n<p>El INTERESADO queda informado del derecho que le asiste a presentar una reclamaci\u00f3n ante la Agencia Espa\u00f1ola de Protecci\u00f3n de Datos (AEPD) y\/o solicitar su tutela, en particular, cuando considere que no ha obtenido satisfacci\u00f3n por parte de LA EMPRESA, en el ejercicio de sus derechos, a trav\u00e9s de la sede electr\u00f3nica de su portal web (<a href=\"..\/..\/..\/..\/..\/F-J\/FRANCISCO%20HERNANDEZ\/Fco.%20Hernandez%20RGPD\/Fco.Hernadez.docs\/www.agpd.es\">www.agpd.es<\/a>), o bien mediante escrito dirigido a su direcci\u00f3n postal (C\/Jorge Juan, 6, 28001-Madrid).<\/p>\n<p>El INTERESADO declara haber sido informado de las condiciones sobre Protecci\u00f3n de Datos de Car\u00e1cter Personal en los t\u00e9rminos establecidos en el Art\u00edculo 13 del Reglamento (UE) 2016\/679 del Parlamento Europeo Y del Consejo, relativo a la protecci\u00f3n de las personas f\u00edsicas en lo que respecta al tratamiento de datos personales, otorgando su consentimiento para el tratamiento de sus datos personales en relaci\u00f3n a las finalidades anteriormente descritas, en la forma y para las finalidades indicadas en la presente Pol\u00edtica de Privacidad.<\/p>\n<p>LA EMPRESA se reserva el derecho de modificar su pol\u00edtica de protecci\u00f3n de datos de acuerdo a su criterio, o a causa de un cambio legislativo, jurisprudencial o en la pr\u00e1ctica empresarial.<\/p>\n<p>Si LA EMPRESA  incluyese  alguna modificaci\u00f3n, el nuevo texto ser\u00e1 publicado en este mismo sitio Web, donde el INTERESADO podr\u00e1 tener conocimiento de la pol\u00edtica de protecci\u00f3n de datos actual.<\/p>\n","protected":false},"excerpt":{"rendered":"<p>Pol\u00edtica de privacidad de datos Esta pol\u00edtica de privacidad establece la forma en que se van a gestionar los datos personales que el INTERESADO nos facilite. Esta pol\u00edtica es aceptada expresa y plenamente por el INTERESADO desde el momento en que para el uso del sitio o de los servicios ofrecidos por EL TITULAR, comunique [&hellip;]<\/p>\n","protected":false},"author":1,"featured_media":0,"parent":0,"menu_order":0,"comment_status":"closed","ping_status":"closed","template":"legal.php","meta":{"_acf_changed":false,"footnotes":""},"class_list":["post-375","page","type-page","status-publish","hentry"],"acf":[],"yoast_head":"<!-- This site is optimized with the Yoast SEO plugin v27.3 - https:\/\/yoast.com\/product\/yoast-seo-wordpress\/ -->\n<title>Privacy Policy - ITT Ceramic<\/title>\n<meta name=\"robots\" content=\"index, follow, max-snippet:-1, max-image-preview:large, max-video-preview:-1\" \/>\n<link rel=\"canonical\" href=\"https:\/\/ittceramic.com\/en\/privacy-policy\/\" \/>\n<meta property=\"og:locale\" content=\"en_US\" \/>\n<meta property=\"og:type\" content=\"article\" \/>\n<meta property=\"og:title\" content=\"Privacy Policy - ITT Ceramic\" \/>\n<meta property=\"og:description\" content=\"Pol\u00edtica de privacidad de datos Esta pol\u00edtica de privacidad establece la forma en que se van a gestionar los datos personales que el INTERESADO nos facilite. Esta pol\u00edtica es aceptada expresa y plenamente por el INTERESADO desde el momento en que para el uso del sitio o de los servicios ofrecidos por EL TITULAR, comunique [&hellip;]\" \/>\n<meta property=\"og:url\" content=\"https:\/\/ittceramic.com\/en\/privacy-policy\/\" \/>\n<meta property=\"og:site_name\" content=\"ITT Ceramic\" \/>\n<meta property=\"article:modified_time\" content=\"2019-11-13T07:54:50+00:00\" \/>\n<meta name=\"twitter:card\" content=\"summary_large_image\" \/>\n<meta name=\"twitter:label1\" content=\"Est. reading time\" \/>\n\t<meta name=\"twitter:data1\" content=\"7 minutes\" \/>\n<script type=\"application\/ld+json\" class=\"yoast-schema-graph\">{\"@context\":\"https:\\\/\\\/schema.org\",\"@graph\":[{\"@type\":\"WebPage\",\"@id\":\"https:\\\/\\\/ittceramic.com\\\/en\\\/privacy-policy\\\/\",\"url\":\"https:\\\/\\\/ittceramic.com\\\/en\\\/privacy-policy\\\/\",\"name\":\"Privacy Policy - ITT Ceramic\",\"isPartOf\":{\"@id\":\"https:\\\/\\\/ittceramic.com\\\/#website\"},\"datePublished\":\"2017-10-25T07:11:44+00:00\",\"dateModified\":\"2019-11-13T07:54:50+00:00\",\"breadcrumb\":{\"@id\":\"https:\\\/\\\/ittceramic.com\\\/en\\\/privacy-policy\\\/#breadcrumb\"},\"inLanguage\":\"en-US\",\"potentialAction\":[{\"@type\":\"ReadAction\",\"target\":[\"https:\\\/\\\/ittceramic.com\\\/en\\\/privacy-policy\\\/\"]}]},{\"@type\":\"BreadcrumbList\",\"@id\":\"https:\\\/\\\/ittceramic.com\\\/en\\\/privacy-policy\\\/#breadcrumb\",\"itemListElement\":[{\"@type\":\"ListItem\",\"position\":1,\"name\":\"Portada\",\"item\":\"https:\\\/\\\/ittceramic.com\\\/en\\\/\"},{\"@type\":\"ListItem\",\"position\":2,\"name\":\"Privacy Policy\"}]},{\"@type\":\"WebSite\",\"@id\":\"https:\\\/\\\/ittceramic.com\\\/#website\",\"url\":\"https:\\\/\\\/ittceramic.com\\\/\",\"name\":\"ITT Ceramic\",\"description\":\"\",\"potentialAction\":[{\"@type\":\"SearchAction\",\"target\":{\"@type\":\"EntryPoint\",\"urlTemplate\":\"https:\\\/\\\/ittceramic.com\\\/?s={search_term_string}\"},\"query-input\":{\"@type\":\"PropertyValueSpecification\",\"valueRequired\":true,\"valueName\":\"search_term_string\"}}],\"inLanguage\":\"en-US\"}]}<\/script>\n<!-- \/ Yoast SEO plugin. -->","yoast_head_json":{"title":"Privacy Policy - ITT Ceramic","robots":{"index":"index","follow":"follow","max-snippet":"max-snippet:-1","max-image-preview":"max-image-preview:large","max-video-preview":"max-video-preview:-1"},"canonical":"https:\/\/ittceramic.com\/en\/privacy-policy\/","og_locale":"en_US","og_type":"article","og_title":"Privacy Policy - ITT Ceramic","og_description":"Pol\u00edtica de privacidad de datos Esta pol\u00edtica de privacidad establece la forma en que se van a gestionar los datos personales que el INTERESADO nos facilite. Esta pol\u00edtica es aceptada expresa y plenamente por el INTERESADO desde el momento en que para el uso del sitio o de los servicios ofrecidos por EL TITULAR, comunique [&hellip;]","og_url":"https:\/\/ittceramic.com\/en\/privacy-policy\/","og_site_name":"ITT Ceramic","article_modified_time":"2019-11-13T07:54:50+00:00","twitter_card":"summary_large_image","twitter_misc":{"Est. reading time":"7 minutes"},"schema":{"@context":"https:\/\/schema.org","@graph":[{"@type":"WebPage","@id":"https:\/\/ittceramic.com\/en\/privacy-policy\/","url":"https:\/\/ittceramic.com\/en\/privacy-policy\/","name":"Privacy Policy - ITT Ceramic","isPartOf":{"@id":"https:\/\/ittceramic.com\/#website"},"datePublished":"2017-10-25T07:11:44+00:00","dateModified":"2019-11-13T07:54:50+00:00","breadcrumb":{"@id":"https:\/\/ittceramic.com\/en\/privacy-policy\/#breadcrumb"},"inLanguage":"en-US","potentialAction":[{"@type":"ReadAction","target":["https:\/\/ittceramic.com\/en\/privacy-policy\/"]}]},{"@type":"BreadcrumbList","@id":"https:\/\/ittceramic.com\/en\/privacy-policy\/#breadcrumb","itemListElement":[{"@type":"ListItem","position":1,"name":"Portada","item":"https:\/\/ittceramic.com\/en\/"},{"@type":"ListItem","position":2,"name":"Privacy Policy"}]},{"@type":"WebSite","@id":"https:\/\/ittceramic.com\/#website","url":"https:\/\/ittceramic.com\/","name":"ITT Ceramic","description":"","potentialAction":[{"@type":"SearchAction","target":{"@type":"EntryPoint","urlTemplate":"https:\/\/ittceramic.com\/?s={search_term_string}"},"query-input":{"@type":"PropertyValueSpecification","valueRequired":true,"valueName":"search_term_string"}}],"inLanguage":"en-US"}]}},"_links":{"self":[{"href":"https:\/\/ittceramic.com\/en\/wp-json\/wp\/v2\/pages\/375","targetHints":{"allow":["GET"]}}],"collection":[{"href":"https:\/\/ittceramic.com\/en\/wp-json\/wp\/v2\/pages"}],"about":[{"href":"https:\/\/ittceramic.com\/en\/wp-json\/wp\/v2\/types\/page"}],"author":[{"embeddable":true,"href":"https:\/\/ittceramic.com\/en\/wp-json\/wp\/v2\/users\/1"}],"replies":[{"embeddable":true,"href":"https:\/\/ittceramic.com\/en\/wp-json\/wp\/v2\/comments?post=375"}],"version-history":[{"count":7,"href":"https:\/\/ittceramic.com\/en\/wp-json\/wp\/v2\/pages\/375\/revisions"}],"predecessor-version":[{"id":5712,"href":"https:\/\/ittceramic.com\/en\/wp-json\/wp\/v2\/pages\/375\/revisions\/5712"}],"wp:attachment":[{"href":"https:\/\/ittceramic.com\/en\/wp-json\/wp\/v2\/media?parent=375"}],"curies":[{"name":"wp","href":"https:\/\/api.w.org\/{rel}","templated":true}]}}